{"id":1274,"date":"2024-06-02T23:23:24","date_gmt":"2024-06-02T20:23:24","guid":{"rendered":"https:\/\/xn--puhvetitepiv-pcb.ee\/?page_id=1274"},"modified":"2025-05-28T22:46:01","modified_gmt":"2025-05-28T19:46:01","slug":"elamused-puhvetite-paival","status":"publish","type":"page","link":"https:\/\/xn--puhvetitepiv-pcb.ee\/en\/elamused-puhvetite-paival\/","title":{"rendered":"Elamused puhvetite p\u00e4ival"},"content":{"rendered":"<p><\/p>\n\n\n\n<p class=\"has-text-align-center has-large-font-size\"><strong>Lisaks maitseelamustele ootab teid t\u00f5eline elamuste r\u00e4nnak kogu p\u00e4eva v\u00e4ltel<\/strong>!<\/p>\n\n\n\n<div class=\"wp-block-media-text is-stacked-on-mobile is-vertically-aligned-center\" style=\"grid-template-columns:47% auto\"><figure class=\"wp-block-media-text__media\"><img loading=\"lazy\" decoding=\"async\" width=\"1024\" height=\"791\" src=\"https:\/\/xn--puhvetitepiv-pcb.ee\/wp-content\/uploads\/2025\/05\/kultuuuur-1024x791.png\" alt=\"\" class=\"wp-image-1564 size-full\" srcset=\"https:\/\/xn--puhvetitepiv-pcb.ee\/wp-content\/uploads\/2025\/05\/kultuuuur-1024x791.png 1024w, https:\/\/xn--puhvetitepiv-pcb.ee\/wp-content\/uploads\/2025\/05\/kultuuuur-300x232.png 300w, https:\/\/xn--puhvetitepiv-pcb.ee\/wp-content\/uploads\/2025\/05\/kultuuuur-768x593.png 768w, https:\/\/xn--puhvetitepiv-pcb.ee\/wp-content\/uploads\/2025\/05\/kultuuuur-1536x1187.png 1536w, https:\/\/xn--puhvetitepiv-pcb.ee\/wp-content\/uploads\/2025\/05\/kultuuuur-2048x1583.png 2048w, https:\/\/xn--puhvetitepiv-pcb.ee\/wp-content\/uploads\/2025\/05\/kultuuuur-16x12.png 16w\" sizes=\"auto, (max-width: 1024px) 100vw, 1024px\" \/><\/figure><div class=\"wp-block-media-text__content\">\n<p><\/p>\n\n\n\n<p class=\"has-medium-font-size\">Puhvetite p\u00e4ev ei ole ainult k\u00f5hut\u00e4is, vaid ka hinget\u00e4is. Kogu piirkond elab ja hingab seda s\u00fcndmust \u2013 igas nurgas kostub muusika, naer ja laste kilked.<\/p>\n\n\n\n<p class=\"has-medium-font-size\">P\u00e4ev algab rahulikus r\u00fctmis, kus k\u00fclastajad saavad nautida loodusl\u00e4hedust. Paadis\u00f5idud, vesijalgrattad ja SUP-lauad kutsuvad vee \u00e4\u00e4rde, samas kui v\u00e4iksemad saavad lustida batuutidel, m\u00e4nguv\u00e4ljakutel v\u00f5i uudistada talu hobuseid ja mootorrattaid. <\/p>\n\n\n\n<p class=\"has-medium-font-size\">Muusika armastajaid r\u00f5\u00f5mustavad mitmed omap\u00e4rased kohvikud, kus DJ-d ja live-esinejad lasevad k\u00f5lada k\u00fclastajate valitud lemmiklugudel. <\/p>\n\n\n\n<p class=\"has-text-align-left has-medium-font-size\">Kunstihingedele on avatud n\u00e4itused ja k\u00e4sit\u00f6\u00f6nurgad, kus saab uudistada, kaasa osta v\u00f5i isegi ise k\u00e4ed t\u00f6\u00f6ks k\u00fclge panna \u2013 kas siis sepikojas \u00f5nnem\u00fcnti l\u00fc\u00fces v\u00f5i puhvetite p\u00e4iva \u00fchisvaipa kududes. Ja loomulikult ei puudu tegevused meestele \u2013 vanaautod, mootorrattad, vankrikollektsioonid ja mehine melu.<\/p>\n<\/div><\/div>\n\n\n\n<p class=\"has-medium-font-size\" style=\"border-radius:15px\">P\u00e4eva kulgedes t\u00f5stab r\u00fctmi \u00f5htune programm. Kell 14.00 astub Palupera puhvetis \u00fcles pillimees Tormi Rattasepp, kell 17.00 vallutab Leonora puhvetis lava rokihingeline b\u00e4nd S\u00f6ge ning samal ajal alustab esinemist KYYN\u2019is ka Curly Strings. 18.00 on v\u00f5imalus \u00f5htut nautida RannaLoung puhvetis Moodwakers peob\u00e4ndi saatel. V\u00f5rtsj\u00e4rve \u00e4\u00e4res pakub kella 20.00-st k\u00f5hut\u00e4ie huumorit Sepo Seemani monokom\u00f6\u00f6dia &#8220;Eesti mees ja tema poeg&#8221;, ning kell 22.00 saab K\u00f6stre H\u00e4rra kohvikus alguse \u00f6\u00f6pidu b\u00e4ndiga Kapriiz ja DJ\u2019ga, mis kestab kuni hommikuni. \u00d5htu jooksul muutub RannaLounge l\u00f5\u00f5gastavaks oaasiks, kus muusika, kokteilid ja \u00fcllatused loovad ideaalse l\u00f5pu p\u00e4evaelamusele.<\/p>\n\n\n\n<p class=\"has-text-align-center has-large-font-size\">Tutvu iga puhveti pakutava elamusega l\u00e4hemalt \ud83d\udc47\ud83c\udffb<\/p>\n\n\n\n<h3 class=\"wp-block-heading\">\ud83d\udccd <strong>K\u00f6stre H\u00e4rra kohvik<\/strong><\/h3>\n\n\n\n<p>Teie meelt lahutab kiikingu \u00fclev\u00f5llikiiged, batuudid ja p\u00e4evane muusikaline elamus. Tegevust ja p\u00f5nevust jagub nii suurtele kui ka v\u00e4ikestele. Ootame teid kogu perega. Alates 22:00 esineb b\u00e4nd Kapriiz ja kohal dj, pidu kestab hommikutundideni.<\/p>\n\n\n\n<h3 class=\"wp-block-heading\">\ud83d\udccd <strong>Rehetare &#8220;Maitse &amp; Muusika Kohvik&#8221;<\/strong><\/h3>\n\n\n\n<p>&#8220;Maitse &amp; Muusika Kohvik&#8221; \u2013 koht, kus iga k\u00fclaline saab lisaks s\u00f6\u00f6gile ka oma lemmiklugusid nautida.<\/p>\n\n\n\n<p>\u2705 Muusika tellimine \u2013 tellimuse esitamisel saab klient DJ-lt valida \u00fche loo, mis m\u00e4ngitakse tema s\u00f6\u00f6gi v\u00f5i joogi k\u00f5rvale.<br>\u2705 Personaliseeritud vibe \u2013 muusika vaheldub vastavalt k\u00fclaliste soovidele, mis loob elava ja unikaalse atmosf\u00e4\u00e4ri.<br>\u2705&#8221;Muusika\u00f5nneloos&#8221; \u2013 iga tellija saab v\u00f5tta kausist suvalise 90s hiti, mis j\u00e4rgmisena m\u00e4ngima pannakse.<br>\u2705 Sobiva ilma korral lastele suur batuut.<\/p>\n\n\n\n<h3 class=\"wp-block-heading\">\ud83d\udccd<strong>Saksjaagu talu<\/strong><\/h3>\n\n\n\n<p>K\u00fclastajatele s\u00f5it aerulaudade ja paadiga, v\u00f5imalus ujuda.<\/p>\n\n\n\n<h3 class=\"wp-block-heading\">\ud83d\udccd <strong>Palupera Pritsikuuri puhvet&nbsp;<\/strong><\/h3>\n\n\n\n<p>Esineb kunagine kohalik pillimees Tormi Rattasepp kell 14.00. Lastele tuleb k\u00fclla vahva tegelane kes pakub n\u00e4omaalinguid ja toredat tegevust.&nbsp;<\/p>\n\n\n\n<h3 class=\"wp-block-heading\"><strong>\ud83d\udccd Priidu Burksid Janari Garaa\u017eis<\/strong><\/h3>\n\n\n\n<p>S\u00f5ita saab ka poniga ning k\u00fclgkorviga mootorattaga!<\/p>\n\n\n\n<h3 class=\"wp-block-heading\"><strong>\ud83d\udccd <strong>Rehe hobutalu kohvik<\/strong><\/strong><\/h3>\n\n\n\n<p>Lisaks kehakinnitusele saab tutvuda talu hobuste ja nende vankrikollektsiooniga. K\u00f5ik soovijad saavad lisatasu eest nautida vankris\u00f5itu ja hobujalutust.&nbsp; Kohal on ka sepad, kelle t\u00f6\u00f6d saab j\u00e4lgida ja soovi korral osta erinevaid sepiseid. K\u00fclastajatel on v\u00f5imalik kohapeal omale \u00f5nnem\u00fcnti l\u00fc\u00fca.<\/p>\n\n\n\n<h3 class=\"wp-block-heading\"><strong>\ud83d\udccd <\/strong>Veskibrunch Hellenurmes<\/h3>\n\n\n\n<p>Veskiekskursioon t\u00f6\u00f6tavas vesiveskis kl 11, paadis\u00f5it veskij\u00e4rvel<\/p>\n\n\n\n<h3 class=\"wp-block-heading\">\ud83d\udccd <strong>RannaLounge<\/strong><\/h3>\n\n\n\n<p>P\u00e4evasel ajal saab kasutada meie vesijalgratast ja paati, et nautida j\u00e4rvev\u00f5lusid, lisaks saab kasutada SUP-laudasid. Lapsed saavad s\u00f5ita ringi pisikeste elektriliste ATV-dega, m\u00e4ngida meie m\u00e4nguv\u00e4ljakul ja ennast m\u00f5nusalt v\u00e4lja elada suurel batuudil. \u00d5htusel ajal kui suurem kohvikum\u00f6ll saab vaikselt \u00fchelepoole j\u00e4tkame m\u00f5nusa Lounge&#8217;na, kus saab l\u00f5\u00f5gastuda m\u00f5nusa muusika saatel ning kust leiad maitsvaid mokteile, v\u00e4rskeid smuutisid ja klassikalisi kokteile.&nbsp; Altes kell 18.00 \u00f5htul saab nautida m\u00f5nusat muusikat peob\u00e4nd Moodwakers saatel.<\/p>\n\n\n\n<h3 class=\"wp-block-heading\"><strong>\ud83d\udccd<strong>Kohvik &#8220;Limnoloogi unen\u00e4gu&#8221;<\/strong><\/strong><\/h3>\n\n\n\n<p>Harivad ja meelt lahutavad elamused J\u00e4rvemuuseumis nii suurtele kui v\u00e4ikestele. Ilusa ilmaga laevas\u00f5idud V\u00f5rtsj\u00e4rvele &#8211; kellaajad t\u00e4psustamisel.<\/p>\n\n\n\n<h3 class=\"wp-block-heading\">\ud83d\udccd <strong>TiKeMiKe Kodukohvik<\/strong><\/h3>\n\n\n\n<p>Soovijatel on tasu eest v\u00f5imalus lasta punuda endale kaunid patsid lisajuustega v\u00f5i s\u00e4delevate salkudega. Lapsed saavad tasuta batuudil h\u00fcpata ja kanadega tutvust teha.<\/p>\n\n\n\n<h3 class=\"wp-block-heading\">\ud83d\udccd <strong>Leonora puhvet&nbsp;<\/strong><\/h3>\n\n\n\n<p>V\u00e4ljas juhib v\u00e4gesid Vofkin (peremees) &#8211; Kes pakub k\u00f5rvadele puhkust oma rokihingelise b\u00e4ndiga S\u00f6ge (kell 17.00) ja vaatab, et meestealal oleks tegemist. Meestealal saab n\u00e4ha ja katsuda vanu klassikuid nagu Niva ja Riga (ja teisi mehiseid masinaid). Ja ehk on seal ka muid \u00fcllatusi <img loading=\"lazy\" decoding=\"async\" width=\"16\" height=\"16\" src=\"https:\/\/lh7-rt.googleusercontent.com\/docsz\/AD_4nXfOIttQFcKdMr13fCGMAvm8AnwDKkjKP2waV3QcLja5MJWNWlPyQfpsGtVSLxA_otjwdKgkEgT8dKyuLg_0AudglMJrJfSrDvv_kmmea2-pWts-7jA4iShmGUU5DsihICMubcsZYg?key=Uyve1hG7g-RlKrbabY9Syg\" alt=\"\ud83d\ude42\"> Tuleb veel kindlasti ka lasteala, kus saab m\u00e4ngida ja lustida.<\/p>\n\n\n\n<h3 class=\"wp-block-heading\">\ud83d\udccd<strong>KYYN<\/strong><\/h3>\n\n\n\n<p>Algusega kell 17:00 lisab KYYN\u2019i maitsvale men\u00fc\u00fcle muusikalist v\u00fcrtsi suurep\u00e4rane ansambel \ud83c\udfbbCurly Strings\u2600\ufe0f<\/p>\n\n\n\n<h3 class=\"wp-block-heading\">\ud83d\udccd <strong>Kandle Ossi Kodukohvik&nbsp;<\/strong><\/h3>\n\n\n\n<p>Kohvi ja koogi k\u00f5rvale m\u00e4ngivad rahvakannelt Kandle Oss ja Taadu.<\/p>\n\n\n\n<h3 class=\"wp-block-heading\">\ud83d\udccd <strong><strong>Jalgpallikohvik &#8220;Penalti puhvet&#8221;<\/strong><\/strong><\/h3>\n\n\n\n<p><img loading=\"lazy\" decoding=\"async\" width=\"16\" height=\"16\" src=\"https:\/\/lh7-rt.googleusercontent.com\/docsz\/AD_4nXf6C-35HOPn1yGbk7ct6pnzptTBxVqiXPDSI5baKPquM8H64hnS4WNOrhQxzMYRn_2uEbjt3mmsvr4Mf0hzU8ghY_B2O2tbEkyzGNnlHvekaI-pM_l-H9gaKRt3-rgYIzmM3wn_UQ?key=Uyve1hG7g-RlKrbabY9Syg\" alt=\"\ud83e\udd45\"> Toimub penaltil\u00f6\u00f6mise v\u00f5istlus ja saab m\u00e4ngida jalgpalli!<br><\/p>\n\n\n\n<h3 class=\"wp-block-heading\">\ud83d\udccd<strong>Kodukohvik &#8220;MEMME MAAL&#8221;<\/strong><\/h3>\n\n\n\n<p>Sepo Seemani monokom\u00f6\u00f6diaetendus &#8220;Eesti mees ja tema poeg&#8221;<\/p>\n\n\n\n<p>Algus kell 20.00 &#8211; soeta pilet <a href=\"https:\/\/fienta.com\/et\/eesti-mees-ja-tema-poeg-linaski-talus\" data-type=\"link\" data-id=\"https:\/\/fienta.com\/et\/eesti-mees-ja-tema-poeg-linaski-talus\">SIIT<\/a>.<\/p>\n\n\n\n<p>J\u00e4rg etendusele \u201cEesti mees ja tema naine\u201d&nbsp; 9. juulil Arumetsa Puhkek\u00fclas kell 20.00<\/p>\n\n\n\n<h3 class=\"wp-block-heading\">\ud83d\udccd<strong><strong>L\u00fclleveski suvekohvik<\/strong><\/strong><\/h3>\n\n\n\n<p>L\u00fclleveskil saab lisaks maitseelamustele nautida loodust ja paadiga paisj\u00e4rvel s\u00f5ita.&nbsp;<\/p>\n\n\n\n<p>\u201cVESKIMUUSEUMIS\u201d on v\u00f5imalus tutvuda vana vesiveskiga, mis on piirkonnas ainulaadne omataoline s\u00e4ilinud veski ning k\u00f5ik huvilised saavad koos taluperemehega ka veskis ringk\u00e4igu teha &#8211;&nbsp;<\/p>\n\n\n\n<p>VESKITUUR PEREMEHEGA kell 12 ja kell 14<\/p>\n\n\n\n<h3 class=\"wp-block-heading\">\ud83d\udccd<strong><strong><strong>R\u00f5ngu Maanaisteseltsi k\u00e4sit\u00f6\u00f6puhvet<\/strong><\/strong><\/strong><\/h3>\n\n\n\n<p>Tutvu maanaisteseltsi ajalooga. Uudista kohalike naiste k\u00e4sit\u00f6\u00f6d, osta kaasa meeneid ja koo oma triip meie kohvikup\u00e4eva \u00fchisvaiba sisse.<\/p>\n\n\n\n<h3 class=\"wp-block-heading\">\ud83d\udccd<strong><strong><strong><strong>Walla Wanem &amp; S\u00f5brad<\/strong><\/strong><\/strong><\/strong><\/h3>\n\n\n\n<p>Lastele on avatud m\u00e4nguv\u00e4ljak ning erinevaid tegevusi. M\u00f5nusa sumina loob DJ ning live esinejad!&nbsp;<\/p>\n\n\n\n<h3 class=\"wp-block-heading\">\ud83d\udccd<strong><strong><strong><strong><strong>Vanaaja kohwik<\/strong><\/strong><\/strong><\/strong><\/strong><\/h3>\n\n\n\n<p>Fuajees avatud R\u00f5ngu teemaline n\u00e4itus. Maja tutvustamine huvilistele.&nbsp;<br><\/p>","protected":false},"excerpt":{"rendered":"<p>Lisaks maitseelamustele ootab teid t\u00f5eline elamuste r\u00e4nnak kogu p\u00e4eva v\u00e4ltel! Puhvetite p\u00e4ev ei ole ainult k\u00f5hut\u00e4is, vaid ka hinget\u00e4is. Kogu piirkond elab ja hingab seda s\u00fcndmust \u2013 igas nurgas kostub muusika, naer ja laste kilked. P\u00e4ev algab rahulikus r\u00fctmis, kus k\u00fclastajad saavad nautida loodusl\u00e4hedust. Paadis\u00f5idud, vesijalgrattad ja SUP-lauad kutsuvad vee \u00e4\u00e4rde, samas kui v\u00e4iksemad saavad&#8230;<\/p>","protected":false},"author":1,"featured_media":0,"parent":0,"menu_order":0,"comment_status":"closed","ping_status":"closed","template":"","meta":{"_kad_post_transparent":"disable","_kad_post_title":"hide","_kad_post_layout":"normal","_kad_post_sidebar_id":"","_kad_post_content_style":"","_kad_post_vertical_padding":"","_kad_post_feature":"","_kad_post_feature_position":"","_kad_post_header":false,"_kad_post_footer":false,"_kad_post_classname":"","footnotes":""},"class_list":["post-1274","page","type-page","status-publish","hentry"],"_links":{"self":[{"href":"https:\/\/xn--puhvetitepiv-pcb.ee\/en\/wp-json\/wp\/v2\/pages\/1274","targetHints":{"allow":["GET"]}}],"collection":[{"href":"https:\/\/xn--puhvetitepiv-pcb.ee\/en\/wp-json\/wp\/v2\/pages"}],"about":[{"href":"https:\/\/xn--puhvetitepiv-pcb.ee\/en\/wp-json\/wp\/v2\/types\/page"}],"author":[{"embeddable":true,"href":"https:\/\/xn--puhvetitepiv-pcb.ee\/en\/wp-json\/wp\/v2\/users\/1"}],"replies":[{"embeddable":true,"href":"https:\/\/xn--puhvetitepiv-pcb.ee\/en\/wp-json\/wp\/v2\/comments?post=1274"}],"version-history":[{"count":41,"href":"https:\/\/xn--puhvetitepiv-pcb.ee\/en\/wp-json\/wp\/v2\/pages\/1274\/revisions"}],"predecessor-version":[{"id":1575,"href":"https:\/\/xn--puhvetitepiv-pcb.ee\/en\/wp-json\/wp\/v2\/pages\/1274\/revisions\/1575"}],"wp:attachment":[{"href":"https:\/\/xn--puhvetitepiv-pcb.ee\/en\/wp-json\/wp\/v2\/media?parent=1274"}],"curies":[{"name":"wp","href":"https:\/\/api.w.org\/{rel}","templated":true}]}}