{"id":150,"date":"2022-09-01T18:18:09","date_gmt":"2022-09-01T15:18:09","guid":{"rendered":"https:\/\/xn--puhvetitepiv-pcb.ee\/?page_id=150"},"modified":"2023-06-17T18:07:08","modified_gmt":"2023-06-17T15:07:08","slug":"toetajad","status":"publish","type":"page","link":"https:\/\/xn--puhvetitepiv-pcb.ee\/en\/toetajad\/","title":{"rendered":"Toetajad"},"content":{"rendered":"<div class=\"wp-block-image\">\n<figure class=\"aligncenter size-full\"><img loading=\"lazy\" decoding=\"async\" width=\"381\" height=\"102\" src=\"https:\/\/xn--puhvetitepiv-pcb.ee\/wp-content\/uploads\/2023\/03\/Puhvetite-paiv_silt-toetajad.png\" alt=\"\" class=\"wp-image-744\" srcset=\"https:\/\/xn--puhvetitepiv-pcb.ee\/wp-content\/uploads\/2023\/03\/Puhvetite-paiv_silt-toetajad.png 381w, https:\/\/xn--puhvetitepiv-pcb.ee\/wp-content\/uploads\/2023\/03\/Puhvetite-paiv_silt-toetajad-300x80.png 300w\" sizes=\"auto, (max-width: 381px) 100vw, 381px\" \/><\/figure>\n<\/div>\n\n\n<p><\/p>\n\n\n\n<p class=\"has-text-align-center\">R\u00f5ngu kandi viie tee puhvetite p\u00e4iva toimumist aitasid oma toetusega kaasa erinevad ettev\u00f5tted siit ja sealt poolt. <\/p>\n\n\n\n<p class=\"has-text-align-center has-accent-1-color has-text-color has-large-font-size\"><strong>Suured t\u00e4nud kaasa l\u00f6\u00f6mast R\u00f5ngu kandi viie tee puhvetite p\u00e4iva p\u00f6\u00f6rasest teekonnast!<\/strong><a href=\"https:\/\/www.hiiuvald.ee\/\" target=\"_blank\" rel=\"noreferrer noopener\"><\/a><\/p>\n\n\n\n<figure class=\"wp-block-image size-large\"><img loading=\"lazy\" decoding=\"async\" width=\"1024\" height=\"74\" src=\"https:\/\/xn--puhvetitepiv-pcb.ee\/wp-content\/uploads\/2023\/06\/Puhvetite-paiv_web-toetajad-varv-1-1024x74.png\" alt=\"\" class=\"wp-image-958\" srcset=\"https:\/\/xn--puhvetitepiv-pcb.ee\/wp-content\/uploads\/2023\/06\/Puhvetite-paiv_web-toetajad-varv-1-1024x74.png 1024w, https:\/\/xn--puhvetitepiv-pcb.ee\/wp-content\/uploads\/2023\/06\/Puhvetite-paiv_web-toetajad-varv-1-300x22.png 300w, https:\/\/xn--puhvetitepiv-pcb.ee\/wp-content\/uploads\/2023\/06\/Puhvetite-paiv_web-toetajad-varv-1-768x56.png 768w, https:\/\/xn--puhvetitepiv-pcb.ee\/wp-content\/uploads\/2023\/06\/Puhvetite-paiv_web-toetajad-varv-1-1536x111.png 1536w, https:\/\/xn--puhvetitepiv-pcb.ee\/wp-content\/uploads\/2023\/06\/Puhvetite-paiv_web-toetajad-varv-1-679x49.png 679w, https:\/\/xn--puhvetitepiv-pcb.ee\/wp-content\/uploads\/2023\/06\/Puhvetite-paiv_web-toetajad-varv-1-960x70.png 960w, https:\/\/xn--puhvetitepiv-pcb.ee\/wp-content\/uploads\/2023\/06\/Puhvetite-paiv_web-toetajad-varv-1-800x58.png 800w, https:\/\/xn--puhvetitepiv-pcb.ee\/wp-content\/uploads\/2023\/06\/Puhvetite-paiv_web-toetajad-varv-1-512x37.png 512w, https:\/\/xn--puhvetitepiv-pcb.ee\/wp-content\/uploads\/2023\/06\/Puhvetite-paiv_web-toetajad-varv-1.png 1863w\" sizes=\"auto, (max-width: 1024px) 100vw, 1024px\" \/><\/figure>","protected":false},"excerpt":{"rendered":"<p>R\u00f5ngu kandi viie tee puhvetite p\u00e4iva toimumist aitasid oma toetusega kaasa erinevad ettev\u00f5tted siit ja sealt poolt. Suured t\u00e4nud kaasa l\u00f6\u00f6mast R\u00f5ngu kandi viie tee puhvetite p\u00e4iva p\u00f6\u00f6rasest teekonnast!<\/p>","protected":false},"author":1,"featured_media":0,"parent":0,"menu_order":0,"comment_status":"closed","ping_status":"closed","template":"","meta":{"_kad_post_transparent":"","_kad_post_title":"","_kad_post_layout":"","_kad_post_sidebar_id":"","_kad_post_content_style":"","_kad_post_vertical_padding":"","_kad_post_feature":"","_kad_post_feature_position":"","_kad_post_header":false,"_kad_post_footer":false,"_kad_post_classname":"","footnotes":""},"class_list":["post-150","page","type-page","status-publish","hentry"],"_links":{"self":[{"href":"https:\/\/xn--puhvetitepiv-pcb.ee\/en\/wp-json\/wp\/v2\/pages\/150","targetHints":{"allow":["GET"]}}],"collection":[{"href":"https:\/\/xn--puhvetitepiv-pcb.ee\/en\/wp-json\/wp\/v2\/pages"}],"about":[{"href":"https:\/\/xn--puhvetitepiv-pcb.ee\/en\/wp-json\/wp\/v2\/types\/page"}],"author":[{"embeddable":true,"href":"https:\/\/xn--puhvetitepiv-pcb.ee\/en\/wp-json\/wp\/v2\/users\/1"}],"replies":[{"embeddable":true,"href":"https:\/\/xn--puhvetitepiv-pcb.ee\/en\/wp-json\/wp\/v2\/comments?post=150"}],"version-history":[{"count":54,"href":"https:\/\/xn--puhvetitepiv-pcb.ee\/en\/wp-json\/wp\/v2\/pages\/150\/revisions"}],"predecessor-version":[{"id":982,"href":"https:\/\/xn--puhvetitepiv-pcb.ee\/en\/wp-json\/wp\/v2\/pages\/150\/revisions\/982"}],"wp:attachment":[{"href":"https:\/\/xn--puhvetitepiv-pcb.ee\/en\/wp-json\/wp\/v2\/media?parent=150"}],"curies":[{"name":"wp","href":"https:\/\/api.w.org\/{rel}","templated":true}]}}