{"id":2,"date":"2022-08-31T23:25:28","date_gmt":"2022-08-31T20:25:28","guid":{"rendered":"https:\/\/xn--puhvetitepiv-pcb.ee\/?page_id=2"},"modified":"2026-04-03T19:10:10","modified_gmt":"2026-04-03T16:10:10","slug":"sample-page","status":"publish","type":"page","link":"https:\/\/xn--puhvetitepiv-pcb.ee\/en\/","title":{"rendered":""},"content":{"rendered":"\n<figure class=\"wp-block-image size-large is-resized has-custom-border\" style=\"margin-top:0;margin-right:var(--wp--preset--spacing--80);margin-bottom:0;margin-left:var(--wp--preset--spacing--80)\"><img loading=\"lazy\" decoding=\"async\" width=\"1024\" height=\"422\" src=\"https:\/\/xn--puhvetitepiv-pcb.ee\/wp-content\/uploads\/2026\/01\/kuupaev-1024x422.png\" alt=\"\" class=\"wp-image-1640\" style=\"border-style:none;border-width:0px;border-radius:0px;width:1178px;height:auto\" srcset=\"https:\/\/xn--puhvetitepiv-pcb.ee\/wp-content\/uploads\/2026\/01\/kuupaev-1024x422.png 1024w, https:\/\/xn--puhvetitepiv-pcb.ee\/wp-content\/uploads\/2026\/01\/kuupaev-300x124.png 300w, https:\/\/xn--puhvetitepiv-pcb.ee\/wp-content\/uploads\/2026\/01\/kuupaev-768x316.png 768w, https:\/\/xn--puhvetitepiv-pcb.ee\/wp-content\/uploads\/2026\/01\/kuupaev-1536x633.png 1536w, https:\/\/xn--puhvetitepiv-pcb.ee\/wp-content\/uploads\/2026\/01\/kuupaev-2048x843.png 2048w, https:\/\/xn--puhvetitepiv-pcb.ee\/wp-content\/uploads\/2026\/01\/kuupaev-18x7.png 18w\" sizes=\"auto, (max-width: 1024px) 100vw, 1024px\" \/><\/figure>\n\n\n\n<hr class=\"wp-block-separator has-alpha-channel-opacity\"\/>\n\n\n\n<h3 class=\"wp-block-heading has-text-align-center has-headings-color has-text-color\">Tassid vahvad t\u00e4pilised, v\u00f5tke kooki k\u00fclalised! Oh, kui h\u00e4sti maitseb kook, pitsal\u00f5ik ja mahlajook!<\/h3>\n\n\n\n<h3 class=\"wp-block-heading has-text-align-center has-headings-color has-text-color\">Kutsume sind veetma \u00fcht toredat p\u00e4eva R\u00f5ngu ja Rannu kandis! Astu l\u00e4bi, kohtu heade vanade s\u00f5prade ja tuttavatega ning naudi kohvi ja suussulavaid h\u00f5rgutisi meie puhvetitest.<\/h3>\n\n\n<div class=\"hurrytimer-cdt hurrytimer-cdt--108 hurrytimer-campaign hurryt-loading hurrytimer-campaign-108\" data-config=\"{&quot;id&quot;:108,&quot;run_in_background&quot;:false,&quot;sticky&quot;:false,&quot;product_ids&quot;:[],&quot;actions&quot;:[{&quot;id&quot;:6,&quot;redirectUrl&quot;:&quot;&quot;,&quot;message&quot;:&quot;&lt;b&gt;KOHTUME JUBA J\\u00c4RGMISEL AASTAL!&lt;\\\/b&gt;&quot;,&quot;coupon&quot;:&quot;&quot;,&quot;wcStockStatus&quot;:&quot;instock&quot;}],&quot;template&quot;:&quot;&lt;div class=\\&quot;hurrytimer-timer-block hurrytimer-cdt__dur\\&quot;&gt;&lt;div class=\\&quot;hurrytimer-timer-digit hurrytimer-cdt__time\\&quot;&gt;%m&lt;\\\/div&gt;&lt;div class=\\&quot;hurrytimer-timer-label hurrytimer-cdt__label\\&quot; &gt;kuud&lt;\\\/div&gt;&lt;\\\/div&gt;&lt;div class=\\&quot;hurrytimer-cdt__sep hurrytimer-timer-sep\\&quot;&gt;:&lt;\\\/div&gt;&lt;div class=\\&quot;hurrytimer-timer-block hurrytimer-cdt__dur\\&quot;&gt;&lt;div class=\\&quot;hurrytimer-timer-digit hurrytimer-cdt__time\\&quot;&gt;%n&lt;\\\/div&gt;&lt;div class=\\&quot;hurrytimer-timer-label hurrytimer-cdt__label\\&quot; &gt;p\\u00e4eva&lt;\\\/div&gt;&lt;\\\/div&gt;&lt;div class=\\&quot;hurrytimer-cdt__sep hurrytimer-timer-sep\\&quot;&gt;:&lt;\\\/div&gt;&lt;div class=\\&quot;hurrytimer-timer-block hurrytimer-cdt__dur\\&quot;&gt;&lt;div class=\\&quot;hurrytimer-timer-digit hurrytimer-cdt__time\\&quot;&gt;%H&lt;\\\/div&gt;&lt;div class=\\&quot;hurrytimer-timer-label hurrytimer-cdt__label\\&quot; &gt;tundi&lt;\\\/div&gt;&lt;\\\/div&gt;&lt;div class=\\&quot;hurrytimer-cdt__sep hurrytimer-timer-sep\\&quot;&gt;:&lt;\\\/div&gt;&lt;div class=\\&quot;hurrytimer-timer-block hurrytimer-cdt__dur\\&quot;&gt;&lt;div class=\\&quot;hurrytimer-timer-digit hurrytimer-cdt__time\\&quot;&gt;%M&lt;\\\/div&gt;&lt;div class=\\&quot;hurrytimer-timer-label hurrytimer-cdt__label\\&quot; &gt;minutit&lt;\\\/div&gt;&lt;\\\/div&gt;&lt;div class=\\&quot;hurrytimer-cdt__sep hurrytimer-timer-sep\\&quot;&gt;:&lt;\\\/div&gt;&lt;div class=\\&quot;hurrytimer-timer-block hurrytimer-cdt__dur\\&quot;&gt;&lt;div class=\\&quot;hurrytimer-timer-digit hurrytimer-cdt__time\\&quot;&gt;%S&lt;\\\/div&gt;&lt;div class=\\&quot;hurrytimer-timer-label hurrytimer-cdt__label\\&quot; &gt;sekundit&lt;\\\/div&gt;&lt;\\\/div&gt;&quot;,&quot;methods&quot;:[1,2],&quot;mode&quot;:&quot;one_time&quot;,&quot;sticky_bar_hide_timeout&quot;:7,&quot;recurr&quot;:false,&quot;timeToNextRecurrence&quot;:0,&quot;isRegular&quot;:true,&quot;endDate&quot;:1780725600000}\" ><div class=\"hurrytimer-cdt__headline hurrytimer-headline\">Puhvetite p\u00e4ivani on j\u00e4\u00e4nud:<\/div><div class=\"hurrytimer-cdt__inner hurrytimer-timer\"><\/div><\/div>\n\n\n\n<hr class=\"wp-block-separator has-alpha-channel-opacity\"\/>\n\n\n\n<figure class=\"wp-block-image size-full\"><img loading=\"lazy\" decoding=\"async\" width=\"2560\" height=\"533\" src=\"https:\/\/xn--puhvetitepiv-pcb.ee\/wp-content\/uploads\/2025\/04\/alates-06.24-esileht-4-scaled.png\" alt=\"\" class=\"wp-image-1395\" style=\"aspect-ratio:4.8686868686868685\" srcset=\"https:\/\/xn--puhvetitepiv-pcb.ee\/wp-content\/uploads\/2025\/04\/alates-06.24-esileht-4-scaled.png 2560w, https:\/\/xn--puhvetitepiv-pcb.ee\/wp-content\/uploads\/2025\/04\/alates-06.24-esileht-4-300x63.png 300w, https:\/\/xn--puhvetitepiv-pcb.ee\/wp-content\/uploads\/2025\/04\/alates-06.24-esileht-4-1024x213.png 1024w, https:\/\/xn--puhvetitepiv-pcb.ee\/wp-content\/uploads\/2025\/04\/alates-06.24-esileht-4-768x160.png 768w, https:\/\/xn--puhvetitepiv-pcb.ee\/wp-content\/uploads\/2025\/04\/alates-06.24-esileht-4-1536x320.png 1536w, https:\/\/xn--puhvetitepiv-pcb.ee\/wp-content\/uploads\/2025\/04\/alates-06.24-esileht-4-2048x427.png 2048w, https:\/\/xn--puhvetitepiv-pcb.ee\/wp-content\/uploads\/2025\/04\/alates-06.24-esileht-4-18x4.png 18w\" sizes=\"auto, (max-width: 2560px) 100vw, 2560px\" \/><\/figure>\n\n\n\n<hr class=\"wp-block-separator has-alpha-channel-opacity\"\/>\n\n\n\n<div class=\"wp-block-buttons has-custom-font-size has-large-font-size is-content-justification-center is-layout-flex wp-container-core-buttons-is-layout-16018d1d wp-block-buttons-is-layout-flex\" style=\"border-style:none;border-width:0px;border-radius:0px\">\n<div class=\"wp-block-button has-custom-width wp-block-button__width-100 is-style-fill\"><a class=\"wp-block-button__link has-theme-palette-8-color has-text-color has-background has-link-color has-text-align-center has-custom-font-size wp-element-button\" href=\"https:\/\/flic.kr\/s\/aHBqjCPunM\" style=\"border-radius:100px;background:linear-gradient(5deg,rgb(224,53,85) 0%,rgb(253,198,58) 100%);font-size:24px\">VAATA 2025 GALERIID!<\/a><\/div>\n<\/div>\n\n\n\n<figure class=\"wp-block-gallery has-nested-images columns-default is-cropped wp-block-gallery-1 is-layout-flex wp-block-gallery-is-layout-flex\">\n<figure class=\"wp-block-image size-large is-style-rounded\"><a href=\"https:\/\/timenautics.zenfoliosite.com\/puhvetite-paiv-2025?fbclid=IwY2xjawK8nktleHRuA2FlbQIxMABicmlkETFSZjA2dFhKb2lpbm5mcldIAR61Zf8uXU7PZApwG0MiDRlO06O1WnnGs79ITsDyG146I1ouoKLUPmPjcgnZ1A_aem_-M1j_ltFeTieWGMyvmW3pA\"><img loading=\"lazy\" decoding=\"async\" width=\"1024\" height=\"683\" data-id=\"1626\" src=\"https:\/\/xn--puhvetitepiv-pcb.ee\/wp-content\/uploads\/2025\/06\/puhvetid2025-15-1024x683.jpg\" alt=\"\" class=\"wp-image-1626\" srcset=\"https:\/\/xn--puhvetitepiv-pcb.ee\/wp-content\/uploads\/2025\/06\/puhvetid2025-15-1024x683.jpg 1024w, https:\/\/xn--puhvetitepiv-pcb.ee\/wp-content\/uploads\/2025\/06\/puhvetid2025-15-300x200.jpg 300w, https:\/\/xn--puhvetitepiv-pcb.ee\/wp-content\/uploads\/2025\/06\/puhvetid2025-15-768x512.jpg 768w, https:\/\/xn--puhvetitepiv-pcb.ee\/wp-content\/uploads\/2025\/06\/puhvetid2025-15-1536x1024.jpg 1536w, https:\/\/xn--puhvetitepiv-pcb.ee\/wp-content\/uploads\/2025\/06\/puhvetid2025-15-18x12.jpg 18w, https:\/\/xn--puhvetitepiv-pcb.ee\/wp-content\/uploads\/2025\/06\/puhvetid2025-15.jpg 1900w\" sizes=\"auto, (max-width: 1024px) 100vw, 1024px\" \/><\/a><\/figure>\n\n\n\n<figure class=\"wp-block-image size-large is-style-rounded\"><a href=\"https:\/\/timenautics.zenfoliosite.com\/puhvetite-paiv-2025?fbclid=IwY2xjawK8nktleHRuA2FlbQIxMABicmlkETFSZjA2dFhKb2lpbm5mcldIAR61Zf8uXU7PZApwG0MiDRlO06O1WnnGs79ITsDyG146I1ouoKLUPmPjcgnZ1A_aem_-M1j_ltFeTieWGMyvmW3pA\"><img loading=\"lazy\" decoding=\"async\" width=\"1024\" height=\"696\" data-id=\"1627\" src=\"https:\/\/xn--puhvetitepiv-pcb.ee\/wp-content\/uploads\/2025\/06\/puhvetid2025-187-1024x696.jpg\" alt=\"\" class=\"wp-image-1627\" srcset=\"https:\/\/xn--puhvetitepiv-pcb.ee\/wp-content\/uploads\/2025\/06\/puhvetid2025-187-1024x696.jpg 1024w, https:\/\/xn--puhvetitepiv-pcb.ee\/wp-content\/uploads\/2025\/06\/puhvetid2025-187-300x204.jpg 300w, https:\/\/xn--puhvetitepiv-pcb.ee\/wp-content\/uploads\/2025\/06\/puhvetid2025-187-768x522.jpg 768w, https:\/\/xn--puhvetitepiv-pcb.ee\/wp-content\/uploads\/2025\/06\/puhvetid2025-187-1536x1044.jpg 1536w, https:\/\/xn--puhvetitepiv-pcb.ee\/wp-content\/uploads\/2025\/06\/puhvetid2025-187-18x12.jpg 18w, https:\/\/xn--puhvetitepiv-pcb.ee\/wp-content\/uploads\/2025\/06\/puhvetid2025-187.jpg 1900w\" sizes=\"auto, (max-width: 1024px) 100vw, 1024px\" \/><\/a><\/figure>\n\n\n\n<figure class=\"wp-block-image size-large is-style-rounded\"><a href=\"https:\/\/timenautics.zenfoliosite.com\/puhvetite-paiv-2025?fbclid=IwY2xjawK8nktleHRuA2FlbQIxMABicmlkETFSZjA2dFhKb2lpbm5mcldIAR61Zf8uXU7PZApwG0MiDRlO06O1WnnGs79ITsDyG146I1ouoKLUPmPjcgnZ1A_aem_-M1j_ltFeTieWGMyvmW3pA\"><img loading=\"lazy\" decoding=\"async\" width=\"1024\" height=\"673\" data-id=\"1628\" src=\"https:\/\/xn--puhvetitepiv-pcb.ee\/wp-content\/uploads\/2025\/06\/puhvetid2025-285-1024x673.jpg\" alt=\"\" class=\"wp-image-1628\" srcset=\"https:\/\/xn--puhvetitepiv-pcb.ee\/wp-content\/uploads\/2025\/06\/puhvetid2025-285-1024x673.jpg 1024w, https:\/\/xn--puhvetitepiv-pcb.ee\/wp-content\/uploads\/2025\/06\/puhvetid2025-285-300x197.jpg 300w, https:\/\/xn--puhvetitepiv-pcb.ee\/wp-content\/uploads\/2025\/06\/puhvetid2025-285-768x505.jpg 768w, https:\/\/xn--puhvetitepiv-pcb.ee\/wp-content\/uploads\/2025\/06\/puhvetid2025-285-1536x1010.jpg 1536w, https:\/\/xn--puhvetitepiv-pcb.ee\/wp-content\/uploads\/2025\/06\/puhvetid2025-285-18x12.jpg 18w, https:\/\/xn--puhvetitepiv-pcb.ee\/wp-content\/uploads\/2025\/06\/puhvetid2025-285.jpg 1900w\" sizes=\"auto, (max-width: 1024px) 100vw, 1024px\" \/><\/a><\/figure>\n<\/figure>\n\n\n\n<hr class=\"wp-block-separator has-alpha-channel-opacity\"\/>\n\n\n\n<div class=\"wp-block-media-text is-stacked-on-mobile\" style=\"grid-template-columns:47% auto\"><figure class=\"wp-block-media-text__media\"><img loading=\"lazy\" decoding=\"async\" width=\"1024\" height=\"768\" src=\"https:\/\/xn--puhvetitepiv-pcb.ee\/wp-content\/uploads\/2025\/06\/IMG_2074-1024x768.jpg\" alt=\"\" class=\"wp-image-1617 size-full\" srcset=\"https:\/\/xn--puhvetitepiv-pcb.ee\/wp-content\/uploads\/2025\/06\/IMG_2074-1024x768.jpg 1024w, https:\/\/xn--puhvetitepiv-pcb.ee\/wp-content\/uploads\/2025\/06\/IMG_2074-300x225.jpg 300w, https:\/\/xn--puhvetitepiv-pcb.ee\/wp-content\/uploads\/2025\/06\/IMG_2074-768x576.jpg 768w, https:\/\/xn--puhvetitepiv-pcb.ee\/wp-content\/uploads\/2025\/06\/IMG_2074-1536x1152.jpg 1536w, https:\/\/xn--puhvetitepiv-pcb.ee\/wp-content\/uploads\/2025\/06\/IMG_2074-2048x1536.jpg 2048w, https:\/\/xn--puhvetitepiv-pcb.ee\/wp-content\/uploads\/2025\/06\/IMG_2074-16x12.jpg 16w\" sizes=\"auto, (max-width: 1024px) 100vw, 1024px\" \/><\/figure><div class=\"wp-block-media-text__content\">\n<p class=\"has-large-font-size\"><strong>Kogu Puhvetite P\u00e4iva melu ja maitseid otse Elva Valla Raadiost!<\/strong><\/p>\n\n\n\n<p>Elva raadio p\u00fcstolreporterid olid&nbsp;2025 puhvetite p\u00e4ival <strong>otse s\u00fcndmuste keerises<\/strong>, et Sina saaksid k\u00f5igest osa! \ud83d\ude0d<\/p>\n\n\n\n<p>\ud83c\udfa4 Mikrofonide taga seiklesid ja elamusi jagasid:<\/p>\n\n\n\n<ul class=\"wp-block-list\">\n<li><strong>Kristjan Veedler &amp; Kairiin Karro<\/strong><\/li>\n\n\n\n<li><strong>Kadi Annom &amp; Alex Popovic<\/strong><\/li>\n\n\n\n<li>Stuudiopulti hoidis tasakaalus:&nbsp;<strong>Kairi Jerlov<\/strong>&nbsp;otse R\u00f5ngu Rahvamaja v\u00e4listuudiost.<\/li>\n<\/ul>\n\n\n\n<p>Kuula j\u00e4rele ning kogu inspiratsiooni, kuhu 2026 6. juunil v\u00f5iks uudistama minna. \ud83d\udc40<\/p>\n<\/div><\/div>\n\n\n\n<hr class=\"wp-block-separator has-alpha-channel-opacity\"\/>\n\n\n\n<p class=\"has-text-align-center has-theme-palette-1-color has-text-color has-link-color has-larger-font-size wp-elements-d1e949e53f8be1e6c67804ff409d3fdf\">Videomeenutus 2025 aastast \ud83c\udfa5<\/p>\n\n\n\n<figure class=\"wp-block-embed is-type-video is-provider-youtube wp-block-embed-youtube wp-embed-aspect-16-9 wp-has-aspect-ratio\"><div class=\"wp-block-embed__wrapper\">\n<iframe loading=\"lazy\" title=\"Puhvetite pa\u0308iv R\u00f5ngust Rannuni 2025\" width=\"720\" height=\"405\" src=\"https:\/\/www.youtube.com\/embed\/nzmjcqF4NHw?feature=oembed\" frameborder=\"0\" allow=\"accelerometer; autoplay; clipboard-write; encrypted-media; gyroscope; picture-in-picture; web-share\" referrerpolicy=\"strict-origin-when-cross-origin\" allowfullscreen><\/iframe>\n<\/div><\/figure>\n\n\n\n<hr class=\"wp-block-separator has-alpha-channel-opacity\"\/>\n\n\n\n<div class=\"wp-block-group\"><div class=\"wp-block-group__inner-container is-layout-constrained wp-block-group-is-layout-constrained\">\n<figure class=\"wp-block-gallery has-nested-images columns-default is-cropped wp-block-gallery-2 is-layout-flex wp-block-gallery-is-layout-flex\">\n<figure class=\"wp-block-image size-large is-style-rounded\"><img loading=\"lazy\" decoding=\"async\" width=\"1024\" height=\"683\" data-id=\"1414\" src=\"https:\/\/xn--puhvetitepiv-pcb.ee\/wp-content\/uploads\/2025\/04\/53815062377_65c3c3381a_o-1024x683.jpg\" alt=\"\" class=\"wp-image-1414\" srcset=\"https:\/\/xn--puhvetitepiv-pcb.ee\/wp-content\/uploads\/2025\/04\/53815062377_65c3c3381a_o-1024x683.jpg 1024w, https:\/\/xn--puhvetitepiv-pcb.ee\/wp-content\/uploads\/2025\/04\/53815062377_65c3c3381a_o-300x200.jpg 300w, https:\/\/xn--puhvetitepiv-pcb.ee\/wp-content\/uploads\/2025\/04\/53815062377_65c3c3381a_o-768x512.jpg 768w, https:\/\/xn--puhvetitepiv-pcb.ee\/wp-content\/uploads\/2025\/04\/53815062377_65c3c3381a_o-1536x1024.jpg 1536w, https:\/\/xn--puhvetitepiv-pcb.ee\/wp-content\/uploads\/2025\/04\/53815062377_65c3c3381a_o-2048x1366.jpg 2048w, https:\/\/xn--puhvetitepiv-pcb.ee\/wp-content\/uploads\/2025\/04\/53815062377_65c3c3381a_o-18x12.jpg 18w\" sizes=\"auto, (max-width: 1024px) 100vw, 1024px\" \/><\/figure>\n\n\n\n<figure class=\"wp-block-image size-large is-style-rounded\"><img loading=\"lazy\" decoding=\"async\" width=\"1024\" height=\"683\" data-id=\"1417\" src=\"https:\/\/xn--puhvetitepiv-pcb.ee\/wp-content\/uploads\/2025\/04\/53816433485_e2bd66f4cc_o-1024x683.jpg\" alt=\"\" class=\"wp-image-1417\" srcset=\"https:\/\/xn--puhvetitepiv-pcb.ee\/wp-content\/uploads\/2025\/04\/53816433485_e2bd66f4cc_o-1024x683.jpg 1024w, https:\/\/xn--puhvetitepiv-pcb.ee\/wp-content\/uploads\/2025\/04\/53816433485_e2bd66f4cc_o-300x200.jpg 300w, https:\/\/xn--puhvetitepiv-pcb.ee\/wp-content\/uploads\/2025\/04\/53816433485_e2bd66f4cc_o-768x512.jpg 768w, https:\/\/xn--puhvetitepiv-pcb.ee\/wp-content\/uploads\/2025\/04\/53816433485_e2bd66f4cc_o-1536x1024.jpg 1536w, https:\/\/xn--puhvetitepiv-pcb.ee\/wp-content\/uploads\/2025\/04\/53816433485_e2bd66f4cc_o-2048x1366.jpg 2048w, https:\/\/xn--puhvetitepiv-pcb.ee\/wp-content\/uploads\/2025\/04\/53816433485_e2bd66f4cc_o-18x12.jpg 18w\" sizes=\"auto, (max-width: 1024px) 100vw, 1024px\" \/><\/figure>\n\n\n\n<figure class=\"wp-block-image size-large is-style-rounded\"><img loading=\"lazy\" decoding=\"async\" width=\"1024\" height=\"683\" data-id=\"1415\" src=\"https:\/\/xn--puhvetitepiv-pcb.ee\/wp-content\/uploads\/2025\/04\/53816433080_2e844cced6_o-1024x683.jpg\" alt=\"\" class=\"wp-image-1415\" srcset=\"https:\/\/xn--puhvetitepiv-pcb.ee\/wp-content\/uploads\/2025\/04\/53816433080_2e844cced6_o-1024x683.jpg 1024w, https:\/\/xn--puhvetitepiv-pcb.ee\/wp-content\/uploads\/2025\/04\/53816433080_2e844cced6_o-300x200.jpg 300w, https:\/\/xn--puhvetitepiv-pcb.ee\/wp-content\/uploads\/2025\/04\/53816433080_2e844cced6_o-768x512.jpg 768w, https:\/\/xn--puhvetitepiv-pcb.ee\/wp-content\/uploads\/2025\/04\/53816433080_2e844cced6_o-1536x1024.jpg 1536w, https:\/\/xn--puhvetitepiv-pcb.ee\/wp-content\/uploads\/2025\/04\/53816433080_2e844cced6_o-2048x1366.jpg 2048w, https:\/\/xn--puhvetitepiv-pcb.ee\/wp-content\/uploads\/2025\/04\/53816433080_2e844cced6_o-18x12.jpg 18w\" sizes=\"auto, (max-width: 1024px) 100vw, 1024px\" \/><\/figure>\n<\/figure>\n<\/div><\/div>\n\n\n\n<hr class=\"wp-block-separator has-alpha-channel-opacity\"\/>\n","protected":false},"excerpt":{"rendered":"<p>Tassid vahvad t\u00e4pilised, v\u00f5tke kooki k\u00fclalised! Oh, kui h\u00e4sti maitseb kook, pitsal\u00f5ik ja mahlajook! Kutsume sind veetma \u00fcht toredat p\u00e4eva R\u00f5ngu ja Rannu kandis! Astu l\u00e4bi, kohtu heade vanade s\u00f5prade ja tuttavatega ning naudi kohvi ja suussulavaid h\u00f5rgutisi meie puhvetitest. Videomeenutus 2025 aastast \ud83c\udfa5<\/p>","protected":false},"author":1,"featured_media":0,"parent":0,"menu_order":0,"comment_status":"closed","ping_status":"closed","template":"","meta":{"_kad_post_transparent":"disable","_kad_post_title":"hide","_kad_post_layout":"","_kad_post_sidebar_id":"","_kad_post_content_style":"","_kad_post_vertical_padding":"","_kad_post_feature":"","_kad_post_feature_position":"","_kad_post_header":false,"_kad_post_footer":false,"_kad_post_classname":"","footnotes":""},"class_list":["post-2","page","type-page","status-publish","hentry"],"_links":{"self":[{"href":"https:\/\/xn--puhvetitepiv-pcb.ee\/en\/wp-json\/wp\/v2\/pages\/2","targetHints":{"allow":["GET"]}}],"collection":[{"href":"https:\/\/xn--puhvetitepiv-pcb.ee\/en\/wp-json\/wp\/v2\/pages"}],"about":[{"href":"https:\/\/xn--puhvetitepiv-pcb.ee\/en\/wp-json\/wp\/v2\/types\/page"}],"author":[{"embeddable":true,"href":"https:\/\/xn--puhvetitepiv-pcb.ee\/en\/wp-json\/wp\/v2\/users\/1"}],"replies":[{"embeddable":true,"href":"https:\/\/xn--puhvetitepiv-pcb.ee\/en\/wp-json\/wp\/v2\/comments?post=2"}],"version-history":[{"count":157,"href":"https:\/\/xn--puhvetitepiv-pcb.ee\/en\/wp-json\/wp\/v2\/pages\/2\/revisions"}],"predecessor-version":[{"id":1686,"href":"https:\/\/xn--puhvetitepiv-pcb.ee\/en\/wp-json\/wp\/v2\/pages\/2\/revisions\/1686"}],"wp:attachment":[{"href":"https:\/\/xn--puhvetitepiv-pcb.ee\/en\/wp-json\/wp\/v2\/media?parent=2"}],"curies":[{"name":"wp","href":"https:\/\/api.w.org\/{rel}","templated":true}]}}