{"id":441,"date":"2023-01-22T16:48:45","date_gmt":"2023-01-22T14:48:45","guid":{"rendered":"https:\/\/xn--puhvetitepiv-pcb.ee\/?page_id=441"},"modified":"2024-02-16T21:58:25","modified_gmt":"2024-02-16T19:58:25","slug":"puhvetipidajale","status":"publish","type":"page","link":"https:\/\/xn--puhvetitepiv-pcb.ee\/en\/puhvetipidajale\/","title":{"rendered":"Puhvetipidajale"},"content":{"rendered":"<div class=\"wp-block-image is-resized\">\n<figure class=\"aligncenter size-full\"><img loading=\"lazy\" decoding=\"async\" width=\"532\" height=\"116\" src=\"https:\/\/xn--puhvetitepiv-pcb.ee\/wp-content\/uploads\/2023\/03\/Puhvetite-paiv_silt-puhvetipidajale_1.png\" alt=\"\" class=\"wp-image-651\" srcset=\"https:\/\/xn--puhvetitepiv-pcb.ee\/wp-content\/uploads\/2023\/03\/Puhvetite-paiv_silt-puhvetipidajale_1.png 532w, https:\/\/xn--puhvetitepiv-pcb.ee\/wp-content\/uploads\/2023\/03\/Puhvetite-paiv_silt-puhvetipidajale_1-300x65.png 300w, https:\/\/xn--puhvetitepiv-pcb.ee\/wp-content\/uploads\/2023\/03\/Puhvetite-paiv_silt-puhvetipidajale_1-512x112.png 512w\" sizes=\"auto, (max-width: 532px) 100vw, 532px\" \/><\/figure>\n<\/div>\n\n\n<p><\/p>\n\n\n\n<p><\/p>\n\n\n\n<p>Siit lehek\u00fcljelt leiad kogu vajaliku info, et avada muretult oma puhvet k\u00fclastajatele!<\/p>\n\n\n\n<p>Palun liitu ka Facebookis &#8220;<a data-type=\"URL\" data-id=\"https:\/\/www.facebook.com\/groups\/1466607263357843\/\" href=\"https:\/\/www.facebook.com\/groups\/1466607263357843\/\" target=\"_blank\" rel=\"noreferrer noopener\">R\u00f5ngu kandi puhvetipidajad<\/a>&#8221; grupiga, et oleksid kursis k\u00f5ige v\u00e4rskema infoga.<\/p>\n\n\n\n<figure class=\"wp-block-image size-full is-resized\"><a href=\"https:\/\/puhvetitep\u00e4iv.ee\/registreeri-enda-puhvet\/\"><img loading=\"lazy\" decoding=\"async\" width=\"706\" height=\"145\" src=\"https:\/\/xn--puhvetitepiv-pcb.ee\/wp-content\/uploads\/2024\/02\/Puhvetite-paiv_silt-registreeri.png\" alt=\"\" class=\"wp-image-1049\" style=\"width:471px;height:auto\" srcset=\"https:\/\/xn--puhvetitepiv-pcb.ee\/wp-content\/uploads\/2024\/02\/Puhvetite-paiv_silt-registreeri.png 706w, https:\/\/xn--puhvetitepiv-pcb.ee\/wp-content\/uploads\/2024\/02\/Puhvetite-paiv_silt-registreeri-300x62.png 300w, https:\/\/xn--puhvetitepiv-pcb.ee\/wp-content\/uploads\/2024\/02\/Puhvetite-paiv_silt-registreeri-18x4.png 18w, https:\/\/xn--puhvetitepiv-pcb.ee\/wp-content\/uploads\/2024\/02\/Puhvetite-paiv_silt-registreeri-679x139.png 679w, https:\/\/xn--puhvetitepiv-pcb.ee\/wp-content\/uploads\/2024\/02\/Puhvetite-paiv_silt-registreeri-512x105.png 512w\" sizes=\"auto, (max-width: 706px) 100vw, 706px\" \/><\/a><\/figure>\n\n\n\n<figure class=\"wp-block-image size-full is-resized\"><a href=\"https:\/\/xn--puhvetitepiv-pcb.ee\/en\/puhvetipidajatele-kasulik-info\/\"><img loading=\"lazy\" decoding=\"async\" width=\"569\" height=\"144\" src=\"https:\/\/xn--puhvetitepiv-pcb.ee\/wp-content\/uploads\/2023\/03\/Puhvetite-paiv_silt-kasulik-info.png\" alt=\"\" class=\"wp-image-728\" style=\"width:419px;height:auto\" srcset=\"https:\/\/xn--puhvetitepiv-pcb.ee\/wp-content\/uploads\/2023\/03\/Puhvetite-paiv_silt-kasulik-info.png 569w, https:\/\/xn--puhvetitepiv-pcb.ee\/wp-content\/uploads\/2023\/03\/Puhvetite-paiv_silt-kasulik-info-300x76.png 300w, https:\/\/xn--puhvetitepiv-pcb.ee\/wp-content\/uploads\/2023\/03\/Puhvetite-paiv_silt-kasulik-info-512x130.png 512w\" sizes=\"auto, (max-width: 569px) 100vw, 569px\" \/><\/a><\/figure>\n\n\n\n<p class=\"has-large-font-size\"><strong>Puhvetipidajate koosolekud ja kohtumised:<\/strong><\/p>\n\n\n\n<p>16.02.2024 kell 18.00 Rannu rahvamajas- Puhvetite p\u00e4iva I seminar<\/p>\n\n\n\n<p>03.03.2024 kell 11.00 R\u00f5ngu rahvamajas- Puhvetipidajate inspiratsioonip\u00e4ev<\/p>\n\n\n\n<p>27.05-02.06.2024 n\u00e4dalal \u00fchispildistamine kahes piirkonnas (Rannu ja R\u00f5ngu)<\/p>\n\n\n\n<p>KUUP\u00c4EV JA ASUKOHT SELGUMISEL (juuli\/august): Puhvetite p\u00e4iva puhvetipidajate tagasisideseminar<\/p>\n\n\n\n<div class=\"wp-block-group is-nowrap is-layout-flex wp-container-core-group-is-layout-ad2f72ca wp-block-group-is-layout-flex\">\n<figure class=\"wp-block-image size-full is-resized\"><img loading=\"lazy\" decoding=\"async\" width=\"292\" height=\"104\" src=\"https:\/\/xn--puhvetitepiv-pcb.ee\/wp-content\/uploads\/2023\/03\/Puhvetite-paiv_silt-uldkontaktid-1.png\" alt=\"\" class=\"wp-image-701\" style=\"width:272px;height:97px\"\/><\/figure>\n\n\n<div id=\"awsm-team-739\" class=\"awsm-grid-wrapper\">\n\t\t\t<div class=\"awsm-grid cards-style style-4 grid-3-col\">\n\t\t\t\t\t\t<div id=\"awsm-member-739-95\" class=\"awsm-grid-card\">\n\t\t\t\t   <figure>\n\t\t\t\t\t\t<img loading=\"lazy\" decoding=\"async\" width=\"500\" height=\"500\" src=\"https:\/\/xn--puhvetitepiv-pcb.ee\/wp-content\/uploads\/2024\/02\/Mari-Liis-Vanaisak-500x500.png\" class=\"attachment-awsm_team size-awsm_team wp-post-image\" alt=\"\" srcset=\"https:\/\/xn--puhvetitepiv-pcb.ee\/wp-content\/uploads\/2024\/02\/Mari-Liis-Vanaisak-500x500.png 500w, https:\/\/xn--puhvetitepiv-pcb.ee\/wp-content\/uploads\/2024\/02\/Mari-Liis-Vanaisak-150x150.png 150w\" sizes=\"auto, (max-width: 500px) 100vw, 500px\" \/>\t\t\t\t\t\t <figcaption class=\"awsm-figcaption\">\n\t\t\t\t\t\t\t<div class=\"awsm-personal-info\"><h3>Mari-Liis Vanaisak<\/h3><span>R\u00f5ngu peakorraldaja<\/span><\/div>\t\t\t\t\t\t\t<div class=\"awsm-contact-info\">\n\t\t\t\t\t\t\t\t<p>\u00dcldkorraldus- R\u00f5ngu piirkond<\/p><div class=\"awsm-social-icons\"><span><a href=\"http:\/\/+37258687501\" target=\"_blank\"><i class=\"awsm-icon-phone\" aria-hidden=\"true\"><\/i><\/a><\/span><span><a href=\"mailto:mariliis.vanaisak@elva.ee\" target=\"_blank\"><i class=\"awsm-icon-mail\" aria-hidden=\"true\"><\/i><\/a><\/span><\/div>\t\t\t\t\t\t\t<\/div> <!-- .awsm-contact-info -->\n\t\t\t\t\t\t\t\t\t\t\t\t\t <\/figcaption>\n\t\t\t\t\t  <!-- <\/span> -->\n\t\t\t\t   <\/figure>\n\t\t\t\t<\/div>\n\t\t\t\t\t\t\t<div id=\"awsm-member-739-1036\" class=\"awsm-grid-card\">\n\t\t\t\t   <figure>\n\t\t\t\t\t\t<img loading=\"lazy\" decoding=\"async\" width=\"500\" height=\"500\" src=\"https:\/\/xn--puhvetitepiv-pcb.ee\/wp-content\/uploads\/2024\/02\/Jane-Loidap-500x500.png\" class=\"attachment-awsm_team size-awsm_team wp-post-image\" alt=\"\" srcset=\"https:\/\/xn--puhvetitepiv-pcb.ee\/wp-content\/uploads\/2024\/02\/Jane-Loidap-500x500.png 500w, https:\/\/xn--puhvetitepiv-pcb.ee\/wp-content\/uploads\/2024\/02\/Jane-Loidap-150x150.png 150w\" sizes=\"auto, (max-width: 500px) 100vw, 500px\" \/>\t\t\t\t\t\t <figcaption class=\"awsm-figcaption\">\n\t\t\t\t\t\t\t<div class=\"awsm-personal-info\"><h3>Jane Loidap<\/h3><span>Rannu peakorraldaja<\/span><\/div>\t\t\t\t\t\t\t<div class=\"awsm-contact-info\">\n\t\t\t\t\t\t\t\t<p>\u00dcldkorraldus- Rannu piirkond<\/p><div class=\"awsm-social-icons\"><span><a href=\"http:\/\/+3725212327\" target=\"_blank\"><i class=\"awsm-icon-phone\" aria-hidden=\"true\"><\/i><\/a><\/span><span><a href=\"mailto:jane.loidap@elva.ee\" target=\"_blank\"><i class=\"awsm-icon-mail\" aria-hidden=\"true\"><\/i><\/a><\/span><\/div>\t\t\t\t\t\t\t<\/div> <!-- .awsm-contact-info -->\n\t\t\t\t\t\t\t\t\t\t\t\t\t <\/figcaption>\n\t\t\t\t\t  <!-- <\/span> -->\n\t\t\t\t   <\/figure>\n\t\t\t\t<\/div>\n\t\t\t\t\t<\/div><!-- .grid -->\n\t\t<\/div>\n\n<\/div>\n\n\n\n<p><\/p>\n\n\n\n<p><\/p>","protected":false},"excerpt":{"rendered":"<p>Siit lehek\u00fcljelt leiad kogu vajaliku info, et avada muretult oma puhvet k\u00fclastajatele! Palun liitu ka Facebookis &#8220;R\u00f5ngu kandi puhvetipidajad&#8221; grupiga, et oleksid kursis k\u00f5ige v\u00e4rskema infoga. Puhvetipidajate koosolekud ja kohtumised: 16.02.2024 kell 18.00 Rannu rahvamajas- Puhvetite p\u00e4iva I seminar 03.03.2024 kell 11.00 R\u00f5ngu rahvamajas- Puhvetipidajate inspiratsioonip\u00e4ev 27.05-02.06.2024 n\u00e4dalal \u00fchispildistamine kahes piirkonnas (Rannu ja R\u00f5ngu) KUUP\u00c4EV&#8230;<\/p>","protected":false},"author":1,"featured_media":0,"parent":0,"menu_order":0,"comment_status":"closed","ping_status":"closed","template":"","meta":{"_kad_post_transparent":"","_kad_post_title":"","_kad_post_layout":"","_kad_post_sidebar_id":"","_kad_post_content_style":"","_kad_post_vertical_padding":"","_kad_post_feature":"","_kad_post_feature_position":"","_kad_post_header":false,"_kad_post_footer":false,"_kad_post_classname":"","footnotes":""},"class_list":["post-441","page","type-page","status-publish","hentry"],"_links":{"self":[{"href":"https:\/\/xn--puhvetitepiv-pcb.ee\/en\/wp-json\/wp\/v2\/pages\/441","targetHints":{"allow":["GET"]}}],"collection":[{"href":"https:\/\/xn--puhvetitepiv-pcb.ee\/en\/wp-json\/wp\/v2\/pages"}],"about":[{"href":"https:\/\/xn--puhvetitepiv-pcb.ee\/en\/wp-json\/wp\/v2\/types\/page"}],"author":[{"embeddable":true,"href":"https:\/\/xn--puhvetitepiv-pcb.ee\/en\/wp-json\/wp\/v2\/users\/1"}],"replies":[{"embeddable":true,"href":"https:\/\/xn--puhvetitepiv-pcb.ee\/en\/wp-json\/wp\/v2\/comments?post=441"}],"version-history":[{"count":42,"href":"https:\/\/xn--puhvetitepiv-pcb.ee\/en\/wp-json\/wp\/v2\/pages\/441\/revisions"}],"predecessor-version":[{"id":1052,"href":"https:\/\/xn--puhvetitepiv-pcb.ee\/en\/wp-json\/wp\/v2\/pages\/441\/revisions\/1052"}],"wp:attachment":[{"href":"https:\/\/xn--puhvetitepiv-pcb.ee\/en\/wp-json\/wp\/v2\/media?parent=441"}],"curies":[{"name":"wp","href":"https:\/\/api.w.org\/{rel}","templated":true}]}}