{"id":448,"date":"2023-01-22T16:56:10","date_gmt":"2023-01-22T14:56:10","guid":{"rendered":"https:\/\/xn--puhvetitepiv-pcb.ee\/?page_id=448"},"modified":"2026-03-30T09:44:06","modified_gmt":"2026-03-30T06:44:06","slug":"kulastajale","status":"publish","type":"page","link":"https:\/\/xn--puhvetitepiv-pcb.ee\/en\/kulastajale\/","title":{"rendered":"Puhvetite p\u00e4ivast"},"content":{"rendered":"<div class=\"wp-block-group has-normal-font-size is-vertical is-content-justification-left is-layout-flex wp-container-core-group-is-layout-adc7e0b5 wp-block-group-is-layout-flex\">\n<div class=\"wp-block-group is-vertical is-layout-flex wp-container-core-group-is-layout-8cf370e7 wp-block-group-is-layout-flex\">\n<div class=\"wp-block-group is-nowrap is-layout-flex wp-container-core-group-is-layout-ad2f72ca wp-block-group-is-layout-flex\">\n<h1 class=\"wp-block-heading has-xxlarge-font-size\">Puhvetite p\u00e4ivast<\/h1>\n<\/div>\n\n\n\n<figure class=\"wp-block-gallery has-nested-images columns-default is-cropped wp-block-gallery-1 is-layout-flex wp-block-gallery-is-layout-flex\">\n<figure class=\"wp-block-image size-large\"><img loading=\"lazy\" decoding=\"async\" width=\"1024\" height=\"658\" data-id=\"1436\" src=\"https:\/\/xn--puhvetitepiv-pcb.ee\/wp-content\/uploads\/2025\/04\/puhvetid05.06-7-1024x658.jpg\" alt=\"\" class=\"wp-image-1436\" srcset=\"https:\/\/xn--puhvetitepiv-pcb.ee\/wp-content\/uploads\/2025\/04\/puhvetid05.06-7-1024x658.jpg 1024w, https:\/\/xn--puhvetitepiv-pcb.ee\/wp-content\/uploads\/2025\/04\/puhvetid05.06-7-300x193.jpg 300w, https:\/\/xn--puhvetitepiv-pcb.ee\/wp-content\/uploads\/2025\/04\/puhvetid05.06-7-768x493.jpg 768w, https:\/\/xn--puhvetitepiv-pcb.ee\/wp-content\/uploads\/2025\/04\/puhvetid05.06-7-1536x986.jpg 1536w, https:\/\/xn--puhvetitepiv-pcb.ee\/wp-content\/uploads\/2025\/04\/puhvetid05.06-7-18x12.jpg 18w, https:\/\/xn--puhvetitepiv-pcb.ee\/wp-content\/uploads\/2025\/04\/puhvetid05.06-7.jpg 1900w\" sizes=\"auto, (max-width: 1024px) 100vw, 1024px\" \/><figcaption class=\"wp-element-caption\">2024 R\u00f5ngu kandi puhvetid <\/figcaption><\/figure>\n\n\n\n<figure class=\"wp-block-image size-large\"><img loading=\"lazy\" decoding=\"async\" width=\"1024\" height=\"644\" data-id=\"1439\" src=\"https:\/\/xn--puhvetitepiv-pcb.ee\/wp-content\/uploads\/2025\/04\/puhvetid05.06-15-1-1024x644.jpg\" alt=\"\" class=\"wp-image-1439\" srcset=\"https:\/\/xn--puhvetitepiv-pcb.ee\/wp-content\/uploads\/2025\/04\/puhvetid05.06-15-1-1024x644.jpg 1024w, https:\/\/xn--puhvetitepiv-pcb.ee\/wp-content\/uploads\/2025\/04\/puhvetid05.06-15-1-300x189.jpg 300w, https:\/\/xn--puhvetitepiv-pcb.ee\/wp-content\/uploads\/2025\/04\/puhvetid05.06-15-1-768x483.jpg 768w, https:\/\/xn--puhvetitepiv-pcb.ee\/wp-content\/uploads\/2025\/04\/puhvetid05.06-15-1-1536x965.jpg 1536w, https:\/\/xn--puhvetitepiv-pcb.ee\/wp-content\/uploads\/2025\/04\/puhvetid05.06-15-1-18x12.jpg 18w, https:\/\/xn--puhvetitepiv-pcb.ee\/wp-content\/uploads\/2025\/04\/puhvetid05.06-15-1.jpg 1900w\" sizes=\"auto, (max-width: 1024px) 100vw, 1024px\" \/><figcaption class=\"wp-element-caption\">2024 Rannu kandi puhvetid <\/figcaption><\/figure>\n<\/figure>\n\n\n\n<h2 class=\"wp-block-heading\"><strong>Uus \u00fcritus? Uus nimi?<\/strong><\/h2>\n\n\n\n<p>K\u00f5ik sai alguse, kui varakevadel kohtusid kahe piirkonna kohvikupidajad, pidasid plaani ja otsustasid &#8220;leivad \u00fchte kappi panna&#8221;. Nimelt \u00fchinesid Rannu ja Konguta kandi kodukohvikute p\u00e4ev ja R\u00f5ngu kandi viie tee puhvetite p\u00e4iv ning \u00fcheskoos haarati seel\u00e4bi tiitel <strong>Elva valla ainuke kodukohvikute p\u00e4ev<\/strong>. Nagu hea pereheitmise korral ikka, valiti pikalt uut nime ja v\u00e4lja valitud ta l\u00f5puks sai. <strong>Puhvetite p\u00e4iv R\u00f5ngust Rannuni<\/strong> pakub 7.juunil suussulavaid h\u00f5rgutisi ja uudseid maitseid, sekka vahvate koduhoovide avastamisr\u00f5\u00f5mu ning ehedat emotsiooni. Uus logo ja uus nimi- me oleme v\u00e4ga rahul!<\/p>\n\n\n\n<div class=\"wp-block-group is-vertical is-content-justification-center is-layout-flex wp-container-core-group-is-layout-73a99bce wp-block-group-is-layout-flex\">\n<p>Meie s\u00fcndmuse raames avavad R\u00f5ngu ja Rannu kandis oma uksed lausa 25 erinevat kodukohvikut, et pakkuda k\u00fclastajatele erinevaid maitser\u00e4nnakuid ja emotsioone just neile iseloomulikel tunnustusel ning toitudel. <br><br>Lisaks maitser\u00e4nnakutele ja koduhoovide avastamisele pakuvad puhvetipidajad palju erinevaid tegevusi tervele perele. Puhvetites toimuvad erinevad minikontserdid ning sportlikud j\u00f5ukatsumised, mis pakuvad kogu perele palju r\u00f5\u00f5mu ja elevust. Kohalikud pillimehed pakuvad k\u00fclastajatele v\u00f5imaluse keerutada jalga m\u00f5nusate r\u00fctmide saatel ning erinevad artistid siit- ja sealtpoolt annavad v\u00f5rratuid kontserdeid kogu p\u00e4eva v\u00e4ltel.<br>Kui soovite veeta meeldej\u00e4\u00e4va p\u00e4eva koos s\u00f5prade ja perega ning nautida erinevaid maitseelamusi ning tegevusi, siis tasub kindlasti k\u00fclastada 7. juuni Elva vallas R\u00f5ngu ja Rannu kanti. Tegemist on suurep\u00e4rase v\u00f5imalusega tutvuda Elva valla kauni looduse ja kultuuriga ning luua uusi ja p\u00f5nevaid m\u00e4lestusi.<\/p>\n<\/div>\n<\/div>\n<\/div>\n\n\n\n<h2 class=\"wp-block-heading\"><strong>J\u00e4lgi meid sotsiaalmeedias!<\/strong><\/h2>\n\n\n\n<p class=\"has-normal-font-size\">Kindlasti tasub j\u00e4lgida Puhvetite p\u00e4iv R\u00f5ngust Rannuni sotsiaalmeedia kontosid, kus jagatakse p\u00f5nevat ja v\u00e4rsket infot \u00fcrituse korralduse kohta ning kus saab olla kursis k\u00f5ige uuemate uudiste ja \u00fcllatustega. Sotsiaalmeedia kaudu saab olla ka \u00fchenduses teiste k\u00fclastajatega ning jagada oma kogemusi ja muljeid \u00fcrituse kohta.<\/p>\n\n\n\n<ul class=\"wp-block-social-links is-style-default is-content-justification-left is-layout-flex wp-container-core-social-links-is-layout-fdcfc74e wp-block-social-links-is-layout-flex\"><li class=\"wp-social-link wp-social-link-facebook  wp-block-social-link\"><a href=\"https:\/\/www.facebook.com\/Puhvetitepaiv\" class=\"wp-block-social-link-anchor\"><svg width=\"24\" height=\"24\" viewbox=\"0 0 24 24\" version=\"1.1\" xmlns=\"http:\/\/www.w3.org\/2000\/svg\" aria-hidden=\"true\" focusable=\"false\"><path d=\"M12 2C6.5 2 2 6.5 2 12c0 5 3.7 9.1 8.4 9.9v-7H7.9V12h2.5V9.8c0-2.5 1.5-3.9 3.8-3.9 1.1 0 2.2.2 2.2.2v2.5h-1.3c-1.2 0-1.6.8-1.6 1.6V12h2.8l-.4 2.9h-2.3v7C18.3 21.1 22 17 22 12c0-5.5-4.5-10-10-10z\"><\/path><\/svg><span class=\"wp-block-social-link-label screen-reader-text\">Facebook<\/span><\/a><\/li>\n\n<li class=\"wp-social-link wp-social-link-instagram  wp-block-social-link\"><a href=\"https:\/\/www.instagram.com\/puhvetitepaiv\/\" class=\"wp-block-social-link-anchor\"><svg width=\"24\" height=\"24\" viewbox=\"0 0 24 24\" version=\"1.1\" xmlns=\"http:\/\/www.w3.org\/2000\/svg\" aria-hidden=\"true\" focusable=\"false\"><path d=\"M12,4.622c2.403,0,2.688,0.009,3.637,0.052c0.877,0.04,1.354,0.187,1.671,0.31c0.42,0.163,0.72,0.358,1.035,0.673 c0.315,0.315,0.51,0.615,0.673,1.035c0.123,0.317,0.27,0.794,0.31,1.671c0.043,0.949,0.052,1.234,0.052,3.637 s-0.009,2.688-0.052,3.637c-0.04,0.877-0.187,1.354-0.31,1.671c-0.163,0.42-0.358,0.72-0.673,1.035 c-0.315,0.315-0.615,0.51-1.035,0.673c-0.317,0.123-0.794,0.27-1.671,0.31c-0.949,0.043-1.233,0.052-3.637,0.052 s-2.688-0.009-3.637-0.052c-0.877-0.04-1.354-0.187-1.671-0.31c-0.42-0.163-0.72-0.358-1.035-0.673 c-0.315-0.315-0.51-0.615-0.673-1.035c-0.123-0.317-0.27-0.794-0.31-1.671C4.631,14.688,4.622,14.403,4.622,12 s0.009-2.688,0.052-3.637c0.04-0.877,0.187-1.354,0.31-1.671c0.163-0.42,0.358-0.72,0.673-1.035 c0.315-0.315,0.615-0.51,1.035-0.673c0.317-0.123,0.794-0.27,1.671-0.31C9.312,4.631,9.597,4.622,12,4.622 M12,3 C9.556,3,9.249,3.01,8.289,3.054C7.331,3.098,6.677,3.25,6.105,3.472C5.513,3.702,5.011,4.01,4.511,4.511 c-0.5,0.5-0.808,1.002-1.038,1.594C3.25,6.677,3.098,7.331,3.054,8.289C3.01,9.249,3,9.556,3,12c0,2.444,0.01,2.751,0.054,3.711 c0.044,0.958,0.196,1.612,0.418,2.185c0.23,0.592,0.538,1.094,1.038,1.594c0.5,0.5,1.002,0.808,1.594,1.038 c0.572,0.222,1.227,0.375,2.185,0.418C9.249,20.99,9.556,21,12,21s2.751-0.01,3.711-0.054c0.958-0.044,1.612-0.196,2.185-0.418 c0.592-0.23,1.094-0.538,1.594-1.038c0.5-0.5,0.808-1.002,1.038-1.594c0.222-0.572,0.375-1.227,0.418-2.185 C20.99,14.751,21,14.444,21,12s-0.01-2.751-0.054-3.711c-0.044-0.958-0.196-1.612-0.418-2.185c-0.23-0.592-0.538-1.094-1.038-1.594 c-0.5-0.5-1.002-0.808-1.594-1.038c-0.572-0.222-1.227-0.375-2.185-0.418C14.751,3.01,14.444,3,12,3L12,3z M12,7.378 c-2.552,0-4.622,2.069-4.622,4.622S9.448,16.622,12,16.622s4.622-2.069,4.622-4.622S14.552,7.378,12,7.378z M12,15 c-1.657,0-3-1.343-3-3s1.343-3,3-3s3,1.343,3,3S13.657,15,12,15z M16.804,6.116c-0.596,0-1.08,0.484-1.08,1.08 s0.484,1.08,1.08,1.08c0.596,0,1.08-0.484,1.08-1.08S17.401,6.116,16.804,6.116z\"><\/path><\/svg><span class=\"wp-block-social-link-label screen-reader-text\">Instagram<\/span><\/a><\/li><\/ul>","protected":false},"excerpt":{"rendered":"<p>Puhvetite p\u00e4ivast Uus \u00fcritus? Uus nimi? K\u00f5ik sai alguse, kui varakevadel kohtusid kahe piirkonna kohvikupidajad, pidasid plaani ja otsustasid &#8220;leivad \u00fchte kappi panna&#8221;. Nimelt \u00fchinesid Rannu ja Konguta kandi kodukohvikute p\u00e4ev ja R\u00f5ngu kandi viie tee puhvetite p\u00e4iv ning \u00fcheskoos haarati seel\u00e4bi tiitel Elva valla ainuke kodukohvikute p\u00e4ev. Nagu hea pereheitmise korral ikka, valiti pikalt&#8230;<\/p>","protected":false},"author":1,"featured_media":0,"parent":0,"menu_order":0,"comment_status":"closed","ping_status":"closed","template":"","meta":{"_kad_post_transparent":"disable","_kad_post_title":"hide","_kad_post_layout":"","_kad_post_sidebar_id":"","_kad_post_content_style":"","_kad_post_vertical_padding":"","_kad_post_feature":"","_kad_post_feature_position":"","_kad_post_header":false,"_kad_post_footer":false,"_kad_post_classname":"","footnotes":"[]"},"class_list":["post-448","page","type-page","status-publish","hentry"],"_links":{"self":[{"href":"https:\/\/xn--puhvetitepiv-pcb.ee\/en\/wp-json\/wp\/v2\/pages\/448","targetHints":{"allow":["GET"]}}],"collection":[{"href":"https:\/\/xn--puhvetitepiv-pcb.ee\/en\/wp-json\/wp\/v2\/pages"}],"about":[{"href":"https:\/\/xn--puhvetitepiv-pcb.ee\/en\/wp-json\/wp\/v2\/types\/page"}],"author":[{"embeddable":true,"href":"https:\/\/xn--puhvetitepiv-pcb.ee\/en\/wp-json\/wp\/v2\/users\/1"}],"replies":[{"embeddable":true,"href":"https:\/\/xn--puhvetitepiv-pcb.ee\/en\/wp-json\/wp\/v2\/comments?post=448"}],"version-history":[{"count":116,"href":"https:\/\/xn--puhvetitepiv-pcb.ee\/en\/wp-json\/wp\/v2\/pages\/448\/revisions"}],"predecessor-version":[{"id":1660,"href":"https:\/\/xn--puhvetitepiv-pcb.ee\/en\/wp-json\/wp\/v2\/pages\/448\/revisions\/1660"}],"wp:attachment":[{"href":"https:\/\/xn--puhvetitepiv-pcb.ee\/en\/wp-json\/wp\/v2\/media?parent=448"}],"curies":[{"name":"wp","href":"https:\/\/api.w.org\/{rel}","templated":true}]}}